{"id":2171,"date":"2025-05-30T14:19:17","date_gmt":"2025-05-30T14:19:17","guid":{"rendered":"https:\/\/aginom.com\/impressum\/"},"modified":"2025-08-05T14:02:47","modified_gmt":"2025-08-05T14:02:47","slug":"impressum","status":"publish","type":"page","link":"https:\/\/aginom.com\/de\/impressum\/","title":{"rendered":"Impressum"},"content":{"rendered":"<p><div class=\"fusion-fullwidth fullwidth-box fusion-builder-row-1 fusion-flex-container nonhundred-percent-fullwidth non-hundred-percent-height-scrolling\" style=\"--awb-border-radius-top-left:0px;--awb-border-radius-top-right:0px;--awb-border-radius-bottom-right:0px;--awb-border-radius-bottom-left:0px;--awb-flex-wrap:wrap;\" ><div class=\"fusion-builder-row fusion-row fusion-flex-align-items-flex-start fusion-flex-content-wrap\" style=\"max-width:1216.8px;margin-left: calc(-4% \/ 2 );margin-right: calc(-4% \/ 2 );\"><div class=\"fusion-layout-column fusion_builder_column fusion-builder-column-0 fusion_builder_column_1_1 1_1 fusion-flex-column\" style=\"--awb-bg-size:cover;--awb-width-large:100%;--awb-margin-top-large:0px;--awb-spacing-right-large:1.92%;--awb-margin-bottom-large:20px;--awb-spacing-left-large:1.92%;--awb-width-medium:100%;--awb-order-medium:0;--awb-spacing-right-medium:1.92%;--awb-spacing-left-medium:1.92%;--awb-width-small:100%;--awb-order-small:0;--awb-spacing-right-small:1.92%;--awb-spacing-left-small:1.92%;\"><div class=\"fusion-column-wrapper fusion-column-has-shadow fusion-flex-justify-content-flex-start fusion-content-layout-column\"><div class=\"fusion-text fusion-text-1\"><h1 style=\"text-align: center;\">Impressum<\/h1>\n<\/div><\/div><\/div><div class=\"fusion-layout-column fusion_builder_column fusion-builder-column-1 fusion_builder_column_1_1 1_1 fusion-flex-column\" style=\"--awb-bg-blend:overlay;--awb-bg-size:cover;--awb-width-large:100%;--awb-margin-top-large:0px;--awb-spacing-right-large:1.92%;--awb-margin-bottom-large:0px;--awb-spacing-left-large:1.92%;--awb-width-medium:100%;--awb-spacing-right-medium:1.92%;--awb-spacing-left-medium:1.92%;--awb-width-small:100%;--awb-spacing-right-small:1.92%;--awb-spacing-left-small:1.92%;\"><div class=\"fusion-column-wrapper fusion-flex-justify-content-flex-start fusion-content-layout-column\"><div class=\"fusion-text fusion-text-2\"><h3 style=\"font-weight: 400;\"><strong style=\"font-style: var(--awb-text-font-style); text-align: var(--awb-content-alignment); text-transform: var(--awb-text-transform);\">Anbieter<\/strong><\/h3>\n<p style=\"font-weight: 400;\">Diensteanbieter in Bezug auf die Website www.aginom.com (\u201eWebsite\u201c) ist die Aginom Partnerschaft mbB .<\/p>\n<h3 style=\"font-weight: 400;\"><strong>Rechtsform, Register und Sitz<\/strong><\/h3>\n<p style=\"font-weight: 400;\">Aginom Partnerschaft mbB ist eine Partnerschaftsgesellschaft mit beschr\u00e4nkter Berufshaftung nach deutschem Recht gem\u00e4\u00df \u00a7 8 Abs. 4 des deutschen Partnerschaftsgesellschaftsgesetzes (PartGG). Sie ist im Partnerschaftsregister des Amtsgerichts Frankfurt am Main unter der Registernummer PR 3186 eingetragen. Die Gesellschaft hat ihren Sitz in Kelkheim (Taunus), Deutschland.  <\/p>\n<h3><strong>Anschrift und Kontaktdaten<\/strong><\/h3>\n<p style=\"padding-left: 40px;\">Aginom Partnerschaft mbB<br \/><span style=\"font-style: var(--awb-text-font-style); text-align: var(--awb-content-alignment); text-transform: var(--awb-text-transform);\">Unter den Nussb\u00e4umen 16<br \/><\/span><span style=\"font-style: var(--awb-text-font-style); text-align: var(--awb-content-alignment); text-transform: var(--awb-text-transform);\">D &#8211; 65779 Kelkheim<br \/><\/span><span style=\"font-style: var(--awb-text-font-style); text-align: var(--awb-content-alignment); text-transform: var(--awb-text-transform);\">Deutschland<\/span><\/p>\n<p style=\"padding-left: 40px;\">Telefon: +49 6195 806 9000<br \/><span style=\"font-style: var(--awb-text-font-style); text-align: var(--awb-content-alignment); text-transform: var(--awb-text-transform);\">E-Mail: <a href=\"info@aginom.com\">info@aginom.com<\/a><\/span><\/p>\n<h3 style=\"font-weight: 400;\"><strong>Partner und Gesch\u00e4ftsf\u00fchrer der Kanzlei<\/strong><\/h3>\n<ul>\n<li><span style=\"font-family: var(--awb-text-font-family); font-size: var(--awb-font-size); font-style: var(--awb-text-font-style); letter-spacing: var(--awb-letter-spacing); text-align: var(--awb-content-alignment); text-transform: var(--awb-text-transform);\">Rechtsanwalt Dr. Robert Kretzschmar, Partner und Gesch\u00e4ftsf\u00fchrer<\/span><\/li>\n<li><span style=\"font-family: var(--awb-text-font-family); font-size: var(--awb-font-size); font-style: var(--awb-text-font-style); letter-spacing: var(--awb-letter-spacing); text-align: var(--awb-content-alignment); text-transform: var(--awb-text-transform);\">Rechtsanw\u00e4ltin Dr. Claudia L\u00f6schhorn, Partnerin und Gesch\u00e4ftsf\u00fchrerin<\/span><\/li>\n<\/ul>\n<p style=\"font-weight: 400;\">Jeder Partner ist berechtigt, die Partnerschaftsgesellschaft einzeln zu vertreten.<\/p>\n<h3 style=\"font-weight: 400;\"><strong>Berufsbezeichnung, Zulassung<br \/>und Aufsichtsbeh\u00f6rde<\/strong><\/h3>\n<p style=\"font-weight: 400;\">Den Partnern der Aginom Partnerschaft mbB wurde die Berufsbezeichnung \u201eRechtsanwalt\u201c in der Bundesrepublik Deutschland verliehen. Sie sind Mitglieder der Rechtsanwaltskammer Frankfurt am Main. <\/p>\n<p style=\"font-weight: 400;\">Aginom Partnerschaft mbB ist als Berufsaus\u00fcbungsgesellschaft zugelassen und Mitglied der Rechtsanwaltskammer Frankfurt am Main.<\/p>\n<p style=\"font-weight: 400;\">Die zust\u00e4ndige Aufsichtsbeh\u00f6rde ist:<\/p>\n<p style=\"padding-left: 40px;\">Rechtsanwaltskammer Frankfurt am Main<br \/><span style=\"font-family: var(--awb-text-font-family); font-size: var(--awb-font-size); font-style: var(--awb-text-font-style); letter-spacing: var(--awb-letter-spacing); text-align: var(--awb-content-alignment); text-transform: var(--awb-text-transform);\">Bockenheimer Anlage 36<br \/><\/span><span style=\"font-family: var(--awb-text-font-family); font-size: var(--awb-font-size); font-style: var(--awb-text-font-style); letter-spacing: var(--awb-letter-spacing); text-align: var(--awb-content-alignment); text-transform: var(--awb-text-transform);\">D &#8211; 60322 Frankfurt am Main<br \/><\/span><span style=\"font-family: var(--awb-text-font-family); font-size: var(--awb-font-size); font-style: var(--awb-text-font-style); letter-spacing: var(--awb-letter-spacing); text-align: var(--awb-content-alignment); text-transform: var(--awb-text-transform);\">Deutschland<br \/><\/span><a href=\"http:\/\/www.rak-ffm.de\"><span style=\"font-family: var(--awb-text-font-family); font-size: var(--awb-font-size); font-style: var(--awb-text-font-style); letter-spacing: var(--awb-letter-spacing); text-align: var(--awb-content-alignment); text-transform: var(--awb-text-transform);\">www.rak-ffm.de<\/span><\/a><\/p>\n<h3><strong>Berufsrechtliche Regelungen<\/strong><\/h3>\n<p style=\"font-weight: 400;\">Zu den anwendbaren berufsrechtlichen Regelungen f\u00fcr Rechtsanw\u00e4lte geh\u00f6ren insbesondere die Bundesrechtsanwaltsordnung (BRAO), die Berufsordnung f\u00fcr Rechtsanw\u00e4lte (BORA), das Rechtsanwaltsverg\u00fctungsgesetz (RVG) und die Berufsregeln der Europ\u00e4ischen Rechtsanw\u00e4lte (CCBE).<\/p>\n<p style=\"font-weight: 400;\">Diese sind \u00fcber die Website der Bundesrechtsanwaltskammer (BRAK) unter www.brak.de unter der Rubrik \u201eBerufsrecht\u201c abrufbar.<\/p>\n<h3><strong>Multidisziplin\u00e4re T\u00e4tigkeiten<\/strong><\/h3>\n<p style=\"font-weight: 400;\">Die genannten Partner haben sich zur dauerhaften Berufsaus\u00fcbung zu einer Partnerschaft mit beschr\u00e4nkter Berufshaftung zusammengeschlossen. Neben der Beratung und Vertretung in Rechtsangelegenheiten kann die Partnerschaft freiberufliche Beratungs- und Schulungsleistungen in Bezug auf organisatorische und technische Aspekte im Bereich Recht und Compliance erbringen, soweit diese T\u00e4tigkeiten mit dem Beruf des Rechtsanwalts, insbesondere seiner Stellung als unabh\u00e4ngigem Organ der Rechtspflege, vereinbar sind und das Vertrauen in die anwaltliche Unabh\u00e4ngigkeit nicht gef\u00e4hrdet wird. Die Wahrnehmung widerstreitender Interessen ist Rechtanw\u00e4lten aufgrund berufsrechtlicher Regelungen untersagt (\u00a7 43a Abs. 4 BRAO); vor Annahme eines Mandates wird deshalb immer gepr\u00fcft, ob ein Interessenkonflikt besteht.<\/p>\n<h3 style=\"font-weight: 400;\"><strong>Berufshaftpflichtversicherung<\/strong><\/h3>\n<p style=\"font-weight: 400;\">Eine Berufshaftpflichtversicherung mit europaweiter r\u00e4umlicher Geltung besteht bei:<\/p>\n<p style=\"padding-left: 40px;\">Gothaer Allgemeine Versicherung AG<br \/><span style=\"font-family: var(--awb-text-font-family); font-size: var(--awb-font-size); font-style: var(--awb-text-font-style); letter-spacing: var(--awb-letter-spacing); text-align: var(--awb-content-alignment); text-transform: var(--awb-text-transform);\">Hauptsitz<br \/><\/span><span style=\"font-family: var(--awb-text-font-family); font-size: var(--awb-font-size); font-style: var(--awb-text-font-style); letter-spacing: var(--awb-letter-spacing); text-align: var(--awb-content-alignment); text-transform: var(--awb-text-transform);\">Gothaer Allee 1<br \/><\/span><span style=\"font-family: var(--awb-text-font-family); font-size: var(--awb-font-size); font-style: var(--awb-text-font-style); letter-spacing: var(--awb-letter-spacing); text-align: var(--awb-content-alignment); text-transform: var(--awb-text-transform);\">D &#8211; 50696 K\u00f6ln<br \/><\/span><span style=\"font-family: var(--awb-text-font-family); font-size: var(--awb-font-size); font-style: var(--awb-text-font-style); letter-spacing: var(--awb-letter-spacing); text-align: var(--awb-content-alignment); text-transform: var(--awb-text-transform);\">Deutschland<\/span><\/p>\n<h3 style=\"font-weight: 400;\"><strong>Umsatzsteuer-Identifikationsnummer, Wirtschafts-Identifikationsnummer<\/strong><\/h3>\n<p style=\"font-weight: 400;\">Die Umsatzsteuer-Identifikationsnummer (USt-IdNr.) der Aginom Partnerschaft mbB gem\u00e4\u00df \u00a7 27a Umsatzsteuergesetz (UStG) lautet DE453687096. Die entsprechende Wirtschafts-Identifikationsnummer (W-Idnr.) gem\u00e4\u00df \u00a7 139c Abgabenordnung (AO) lautet ebenfalls DE453687096. <\/p>\n<h3 style=\"font-weight: 400;\"><strong>Au\u00dfergerichtliche Streitbeilegung<\/strong><\/h3>\n<p style=\"font-weight: 400;\">Bei Streitigkeiten zwischen Anw\u00e4lten und ihren Mandanten besteht die M\u00f6glichkeit der au\u00dfergerichtlichen Streitbeilegung auf Antrag vor der Rechtsanwaltskammer Frankfurt am Main (gem\u00e4\u00df \u00a7 73 Abs. 2 Nr. 3, \u00a7 73 Abs. 5 BRAO) oder vor der Schlichtungsstelle der Rechtsanwaltschaft (\u00a7 191f BRAO) bei der Bundesrechtsanwaltskammer, Neue Gr\u00fcnstra\u00dfe 17, D-10179 Berlin, <a href=\"http:\/\/www.s-d-r.org\">www.s-d-r.org<\/a>, E-Mail: <a href=\"mailto:schlichtungsstelle@s-d-r.org\">schlichtungsstelle@s-d-r.org<\/a>.<\/p>\n<h3><strong>Verantwortliche Person f\u00fcr journalistisch-redaktionelle Inhalte<\/strong><strong>im Sinne des deutschen Medienstaatsvertrages (MStV):<\/strong><\/h3>\n<p style=\"font-weight: 400; padding-left: 40px;\">Dr. Claudia L\u00f6schhorn<br \/><span style=\"font-family: var(--awb-text-font-family); font-size: var(--awb-font-size); font-style: var(--awb-text-font-style); letter-spacing: var(--awb-letter-spacing); text-align: var(--awb-content-alignment); text-transform: var(--awb-text-transform);\">c\/o Aginom Partnerschaft mbB<br \/><\/span><span style=\"font-family: var(--awb-text-font-family); font-size: var(--awb-font-size); font-style: var(--awb-text-font-style); letter-spacing: var(--awb-letter-spacing); text-align: var(--awb-content-alignment); text-transform: var(--awb-text-transform);\">Unter den Nussb\u00e4umen 16<br \/><\/span><span style=\"font-family: var(--awb-text-font-family); font-size: var(--awb-font-size); font-style: var(--awb-text-font-style); letter-spacing: var(--awb-letter-spacing); text-align: var(--awb-content-alignment); text-transform: var(--awb-text-transform);\">D &#8211; 65779 Kelkheim<br \/><\/span><span style=\"font-family: var(--awb-text-font-family); font-size: var(--awb-font-size); font-style: var(--awb-text-font-style); letter-spacing: var(--awb-letter-spacing); text-align: var(--awb-content-alignment); text-transform: var(--awb-text-transform);\">Deutschland<\/span><\/p>\n<p style=\"padding-left: 40px;\">Telefon: +49 6195 8069000<br \/><span style=\"font-family: var(--awb-text-font-family); font-size: var(--awb-font-size); font-style: var(--awb-text-font-style); letter-spacing: var(--awb-letter-spacing); text-align: var(--awb-content-alignment); text-transform: var(--awb-text-transform);\">E-Mail: <a href=\"mailto:info@aginom.com\">info@aginom.com<\/a><\/span><\/p>\n<\/div><\/div><\/div><\/div><\/div><div class=\"fusion-fullwidth fullwidth-box fusion-builder-row-2 fusion-flex-container has-pattern-background has-mask-background nonhundred-percent-fullwidth non-hundred-percent-height-scrolling\" style=\"--awb-border-radius-top-left:0px;--awb-border-radius-top-right:0px;--awb-border-radius-bottom-right:0px;--awb-border-radius-bottom-left:0px;--awb-flex-wrap:wrap;\" ><div class=\"fusion-builder-row fusion-row fusion-flex-align-items-flex-start fusion-flex-content-wrap\" style=\"max-width:1216.8px;margin-left: calc(-4% \/ 2 );margin-right: calc(-4% \/ 2 );\"><\/div><\/div><\/p>\n","protected":false},"excerpt":{"rendered":"","protected":false},"author":3,"featured_media":0,"parent":0,"menu_order":0,"comment_status":"closed","ping_status":"closed","template":"","meta":{"footnotes":""},"class_list":["post-2171","page","type-page","status-publish","hentry"],"_links":{"self":[{"href":"https:\/\/aginom.com\/de\/wp-json\/wp\/v2\/pages\/2171","targetHints":{"allow":["GET"]}}],"collection":[{"href":"https:\/\/aginom.com\/de\/wp-json\/wp\/v2\/pages"}],"about":[{"href":"https:\/\/aginom.com\/de\/wp-json\/wp\/v2\/types\/page"}],"author":[{"embeddable":true,"href":"https:\/\/aginom.com\/de\/wp-json\/wp\/v2\/users\/3"}],"replies":[{"embeddable":true,"href":"https:\/\/aginom.com\/de\/wp-json\/wp\/v2\/comments?post=2171"}],"version-history":[{"count":7,"href":"https:\/\/aginom.com\/de\/wp-json\/wp\/v2\/pages\/2171\/revisions"}],"predecessor-version":[{"id":2282,"href":"https:\/\/aginom.com\/de\/wp-json\/wp\/v2\/pages\/2171\/revisions\/2282"}],"wp:attachment":[{"href":"https:\/\/aginom.com\/de\/wp-json\/wp\/v2\/media?parent=2171"}],"curies":[{"name":"wp","href":"https:\/\/api.w.org\/{rel}","templated":true}]}}